{"id":200,"date":"2018-05-08T00:31:17","date_gmt":"2018-05-07T22:31:17","guid":{"rendered":"http:\/\/tierphysio-faller.de\/start\/?page_id=200"},"modified":"2022-09-26T21:08:02","modified_gmt":"2022-09-26T19:08:02","slug":"anfahrt-parken","status":"publish","type":"page","link":"http:\/\/tierphysio-faller.de\/start\/anfahrt-parken\/","title":{"rendered":"Anfahrt &#038; Parken"},"content":{"rendered":"<h5><a href=\"http:\/\/iframe%20src=https:\/\/www.google.com\/maps\/embed?pb=!1m18!1m12!1m3!1d2508.678812140545!2d6.772095715487302!3d51.04055265255033!2m3!1f0!2f0!3f0!3m2!1i1024!2i768!4f13.1!3m3!1m2!1s0x47bf316c0ace9341%3A0x7b4effbdad89ced3!2sTierphysiotherapie%20Catherine%20Faller!5e0!3m2!1sde!2sde!4v1623448679287!5m2!1sde!2sde%20width=400%20height=300%20style=border:0;%20allowfullscreen=%20loading=lazy\/iframe\"><iframe loading=\"lazy\" style=\"border: 0;\" src=\"https:\/\/www.google.com\/maps\/embed?pb=!1m18!1m12!1m3!1d2508.678812140545!2d6.772095715487302!3d51.04055265255033!2m3!1f0!2f0!3f0!3m2!1i1024!2i768!4f13.1!3m3!1m2!1s0x47bf316c0ace9341%3A0x7b4effbdad89ced3!2sTierphysiotherapie%20Catherine%20Faller!5e0!3m2!1sde!2sde!4v1623448679287!5m2!1sde!2sde\" width=\"400\" height=\"300\" allowfullscreen=\"allowfullscreen\"><\/iframe><\/a><\/h5>\n<div>Ein Kundenparkplatz befindet sich vor der Praxis.<\/div>\n<div><\/div>\n<div>Sie sehen vorne an der Stra\u00dfe mein Praxisschild.\u00a0Hier bitte links davon in die Einfahrt fahren, ein dreieckiger Parkbereich links der Hecke ist f\u00fcr Sie reserviert.<\/div>\n<div>\n<div>Ebenerdiger, rollstuhltauglicher Zugang zur Praxis (breite T\u00fcre, kleine T\u00fcrschwelle mit Rampe \u00fcberbr\u00fcckt).<\/div>\n<div><\/div>\n<\/div>\n<div><\/div>\n<div><\/div>\n<div><\/div>\n<div><\/div>\n<div><\/div>\n<div><\/div>\n<div><\/div>\n<div><\/div>\n<div><\/div>\n<div><a href=\"http:\/\/tierphysio-faller.de\/wp-content\/uploads\/2022\/09\/K4A6951-2.jpg\"><img loading=\"lazy\" decoding=\"async\" class=\"wp-image-370 alignleft\" src=\"http:\/\/tierphysio-faller.de\/wp-content\/uploads\/2022\/09\/K4A6951-2.jpg\" alt=\"\" width=\"468\" height=\"260\" srcset=\"http:\/\/tierphysio-faller.de\/wp-content\/uploads\/2022\/09\/K4A6951-2.jpg 2500w, http:\/\/tierphysio-faller.de\/wp-content\/uploads\/2022\/09\/K4A6951-2-300x167.jpg 300w, http:\/\/tierphysio-faller.de\/wp-content\/uploads\/2022\/09\/K4A6951-2-768x427.jpg 768w, http:\/\/tierphysio-faller.de\/wp-content\/uploads\/2022\/09\/K4A6951-2-1024x569.jpg 1024w, http:\/\/tierphysio-faller.de\/wp-content\/uploads\/2022\/09\/K4A6951-2-800x445.jpg 800w\" sizes=\"auto, (max-width: 468px) 100vw, 468px\" \/><\/a><\/div>\n","protected":false},"excerpt":{"rendered":"<p>Ein Kundenparkplatz befindet sich vor der Praxis. Sie sehen vorne an der Stra\u00dfe mein Praxisschild.\u00a0Hier bitte links davon in die<\/p>\n","protected":false},"author":1,"featured_media":0,"parent":0,"menu_order":0,"comment_status":"closed","ping_status":"closed","template":"","meta":{"footnotes":""},"class_list":["post-200","page","type-page","status-publish","hentry"],"_links":{"self":[{"href":"http:\/\/tierphysio-faller.de\/start\/wp-json\/wp\/v2\/pages\/200","targetHints":{"allow":["GET"]}}],"collection":[{"href":"http:\/\/tierphysio-faller.de\/start\/wp-json\/wp\/v2\/pages"}],"about":[{"href":"http:\/\/tierphysio-faller.de\/start\/wp-json\/wp\/v2\/types\/page"}],"author":[{"embeddable":true,"href":"http:\/\/tierphysio-faller.de\/start\/wp-json\/wp\/v2\/users\/1"}],"replies":[{"embeddable":true,"href":"http:\/\/tierphysio-faller.de\/start\/wp-json\/wp\/v2\/comments?post=200"}],"version-history":[{"count":17,"href":"http:\/\/tierphysio-faller.de\/start\/wp-json\/wp\/v2\/pages\/200\/revisions"}],"predecessor-version":[{"id":377,"href":"http:\/\/tierphysio-faller.de\/start\/wp-json\/wp\/v2\/pages\/200\/revisions\/377"}],"wp:attachment":[{"href":"http:\/\/tierphysio-faller.de\/start\/wp-json\/wp\/v2\/media?parent=200"}],"curies":[{"name":"wp","href":"https:\/\/api.w.org\/{rel}","templated":true}]}}