{"id":46,"date":"2018-01-17T02:38:02","date_gmt":"2018-01-17T01:38:02","guid":{"rendered":"http:\/\/tierphysio-faller.de\/?page_id=46"},"modified":"2022-09-26T20:34:13","modified_gmt":"2022-09-26T18:34:13","slug":"das-team","status":"publish","type":"page","link":"http:\/\/tierphysio-faller.de\/start\/das-team\/","title":{"rendered":"\u00dcber mich"},"content":{"rendered":"<p><img loading=\"lazy\" decoding=\"async\" class=\"alignleft wp-image-141\" src=\"http:\/\/tierphysio-faller.de\/wp-content\/uploads\/2018\/04\/Portrtait_Cathetine_Faller.jpg\" alt=\"\" width=\"445\" height=\"341\" srcset=\"http:\/\/tierphysio-faller.de\/wp-content\/uploads\/2018\/04\/Portrtait_Cathetine_Faller.jpg 450w, http:\/\/tierphysio-faller.de\/wp-content\/uploads\/2018\/04\/Portrtait_Cathetine_Faller-300x230.jpg 300w\" sizes=\"auto, (max-width: 445px) 100vw, 445px\" \/><\/p>\n<p><strong>Praxisinhaberin<\/strong><\/p>\n<p>Ich bin Catherine Faller, Tierphysiotherapeutin und Tiermedizinische Fachangestellte.<\/p>\n<p>Schon in meiner Schulzeit war mir klar, meine Liebe zu Tieren einmal zum Beruf zu machen. Praktika in Tierarztpraxen und Zoos haben mein Vorhaben endg\u00fcltig gefestigt.<\/p>\n<p>Nach dem Abitur 2004 in Freiburg i. Br. folgte die Ausbildung zur Tiermedizinischen Fachangestellten in einer<br \/>\nGemischtpraxis in Markdorf am Bodensee mit Abschluss 2007. Daraufhin arbeitete ich 5 Jahre in einer Kleintierarztpraxis in Frauenfeld, Schweiz.<\/p>\n<p>Nach diesen 7 Berufsjahren in den Tierarztpraxen absolvierte ich 3 Semester Tiermedizin an der LMU in<br \/>\nM\u00fcnchen. Dort habe ich wertvolle Kenntnisse in den Bereichen Anatomie, Physiologie und Botanik mitgenommen, durch die ich im Weiteren einen guten Start bei der Ausbildung zur Tierphysiotherapeutin hatte.<\/p>\n<p>2012 habe ich diese Ausbildung zur Tierphysiotherapeutin bei Katrin Vosswinkel, Bl\u00fcmchen\/Wo\u00dflick\u00ae an der 1. Deutschen Ausbildungsst\u00e4tte f\u00fcr Hundephysiotherapie Nord (1. DAHP Nord) in Kirchlengern absolviert und 2014 erfolgreich abgeschlossen.<\/p>\n<p>Parallel der Ausbildung begann ich als Tiermedizinische Fachangestellte und Tierphysiotherapeutin in der Tier\u00e4rztlichen Klinik in Stommeln bei K\u00f6ln, in der ich weitere 6 Jahre arbeitete.<\/p>\n<p>Durch gute \u00a0Zusammenarbeit und Erfahrungsaustausch mit den umliegenden Tierkliniken und Tierarztpraxen kann ich die Therapie optimal ausrichten. So sind die Bereiche Physiotherapie und Tiermedizin gut miteinander verbunden und erg\u00e4nzen sich.<\/p>\n<p>2016 Gr\u00fcndung der eigenen Praxis f\u00fcr Tierphysiotherapie. Zuerst in K\u00f6ln Roggendorf, dann 2021 Umzug der Praxis nach Stommelerbusch im K\u00f6lner Nordwesten.<\/p>\n<p>Seit \u00fcber 10 Jahren in diesem tierisch guten Beruf habe ich meine Entscheidung aus der Schulzeit nicht bereut.<\/p>\n<p><strong>Ich freue mich auf Sie und Ihren Vierbeiner in meiner Praxis!<\/strong><\/p>\n","protected":false},"excerpt":{"rendered":"<p>Praxisinhaberin Ich bin Catherine Faller, Tierphysiotherapeutin und Tiermedizinische Fachangestellte. Schon in meiner Schulzeit war mir klar, meine Liebe zu Tieren<\/p>\n","protected":false},"author":1,"featured_media":89,"parent":0,"menu_order":0,"comment_status":"closed","ping_status":"closed","template":"","meta":{"footnotes":""},"class_list":["post-46","page","type-page","status-publish","has-post-thumbnail","hentry"],"_links":{"self":[{"href":"http:\/\/tierphysio-faller.de\/start\/wp-json\/wp\/v2\/pages\/46","targetHints":{"allow":["GET"]}}],"collection":[{"href":"http:\/\/tierphysio-faller.de\/start\/wp-json\/wp\/v2\/pages"}],"about":[{"href":"http:\/\/tierphysio-faller.de\/start\/wp-json\/wp\/v2\/types\/page"}],"author":[{"embeddable":true,"href":"http:\/\/tierphysio-faller.de\/start\/wp-json\/wp\/v2\/users\/1"}],"replies":[{"embeddable":true,"href":"http:\/\/tierphysio-faller.de\/start\/wp-json\/wp\/v2\/comments?post=46"}],"version-history":[{"count":25,"href":"http:\/\/tierphysio-faller.de\/start\/wp-json\/wp\/v2\/pages\/46\/revisions"}],"predecessor-version":[{"id":364,"href":"http:\/\/tierphysio-faller.de\/start\/wp-json\/wp\/v2\/pages\/46\/revisions\/364"}],"wp:featuredmedia":[{"embeddable":true,"href":"http:\/\/tierphysio-faller.de\/start\/wp-json\/wp\/v2\/media\/89"}],"wp:attachment":[{"href":"http:\/\/tierphysio-faller.de\/start\/wp-json\/wp\/v2\/media?parent=46"}],"curies":[{"name":"wp","href":"https:\/\/api.w.org\/{rel}","templated":true}]}}