{"id":65,"date":"2018-02-04T18:47:44","date_gmt":"2018-02-04T17:47:44","guid":{"rendered":"http:\/\/tierphysio-faller.de\/?page_id=65"},"modified":"2026-03-30T06:13:22","modified_gmt":"2026-03-30T04:13:22","slug":"start","status":"publish","type":"page","link":"http:\/\/tierphysio-faller.de\/start\/","title":{"rendered":"Herzlich Willkommen"},"content":{"rendered":"<div><div id=\"n2-ss-7-align\" class=\"n2-ss-align\"><div class=\"n2-padding\"><div id=\"n2-ss-7\" data-creator=\"Smart Slider 3\" class=\"n2-ss-slider n2-ow n2-has-hover n2notransition n2-ss-load-fade \" data-minFontSizedesktopPortrait=\"4\" data-minFontSizedesktopLandscape=\"4\" data-minFontSizetabletPortrait=\"4\" data-minFontSizetabletLandscape=\"4\" data-minFontSizemobilePortrait=\"4\" data-minFontSizemobileLandscape=\"4\" style=\"font-size: 16px;\" data-fontsize=\"16\">\r\n        <div class=\"n2-ss-slider-1 n2-ss-swipe-element n2-ow\" style=\"\">\r\n                        <div class=\"n2-ss-slider-2 n2-ow\">\r\n                                <div class=\"n2-ss-slider-3 n2-ow\" style=\"\">\r\n\r\n                    <div class=\"n2-ss-slide-backgrounds\"><\/div><div data-slide-duration=\"0\" data-id=\"36\" style=\"\" class=\"n2-ss-slide n2-ss-canvas n2-ow  n2-ss-slide-36\"><div data-hash=\"49a4c46dab0c5301323ab3d215132561\" data-desktop=\"\/\/tierphysio-faller.de\/wp-content\/uploads\/2022\/09\/K4A6915.jpg\" class=\"n2-ss-slide-background n2-ow\" data-opacity=\"1\" data-blur=\"0\" data-mode=\"fill\" data-x=\"50\" data-y=\"50\"><div class=\"n2-ss-slide-background-mask\" style=\"\"><img decoding=\"async\" title=\"\" src=\"\/\/tierphysio-faller.de\/wp-content\/uploads\/2022\/09\/K4A6915.jpg\" alt=\"\" \/><\/div><\/div><div class=\"n2-ss-layers-container n2-ow\" data-csstextalign=\"center\" style=\"\"><\/div><\/div><div data-slide-duration=\"0\" data-id=\"38\" style=\"\" class=\"n2-ss-slide n2-ss-canvas n2-ow  n2-ss-slide-38\"><div data-hash=\"7eac4b5d88d80995f3c340ac82acb737\" data-desktop=\"\/\/tierphysio-faller.de\/wp-content\/uploads\/2022\/09\/K4A6919.jpg\" class=\"n2-ss-slide-background n2-ow\" data-opacity=\"1\" data-blur=\"0\" data-mode=\"fill\" data-x=\"50\" data-y=\"50\"><div class=\"n2-ss-slide-background-mask\" style=\"\"><img decoding=\"async\" title=\"\" src=\"\/\/tierphysio-faller.de\/wp-content\/uploads\/2022\/09\/K4A6919.jpg\" alt=\"\" \/><\/div><\/div><div class=\"n2-ss-layers-container n2-ow\" data-csstextalign=\"center\" style=\"\"><\/div><\/div><div data-slide-duration=\"0\" data-id=\"39\" style=\"\" class=\"n2-ss-slide n2-ss-canvas n2-ow  n2-ss-slide-39\"><div data-hash=\"d85b28964b0dc867b80fab033ecdd42c\" data-desktop=\"\/\/tierphysio-faller.de\/wp-content\/uploads\/2022\/09\/K4A6922.jpg\" class=\"n2-ss-slide-background n2-ow\" data-opacity=\"1\" data-blur=\"0\" data-mode=\"fill\" data-x=\"50\" data-y=\"50\"><div class=\"n2-ss-slide-background-mask\" style=\"\"><img decoding=\"async\" title=\"\" src=\"\/\/tierphysio-faller.de\/wp-content\/uploads\/2022\/09\/K4A6922.jpg\" alt=\"\" \/><\/div><\/div><div class=\"n2-ss-layers-container n2-ow\" data-csstextalign=\"center\" style=\"\"><\/div><\/div><div data-slide-duration=\"0\" data-id=\"40\" style=\"\" class=\"n2-ss-slide n2-ss-canvas n2-ow  n2-ss-slide-40\"><div data-hash=\"322dd357bea7561e21e08b10089c873f\" data-desktop=\"\/\/tierphysio-faller.de\/wp-content\/uploads\/2022\/09\/K4A6923.jpg\" class=\"n2-ss-slide-background n2-ow\" data-opacity=\"1\" data-blur=\"0\" data-mode=\"fill\" data-x=\"50\" data-y=\"50\"><div class=\"n2-ss-slide-background-mask\" style=\"\"><img decoding=\"async\" title=\"\" src=\"\/\/tierphysio-faller.de\/wp-content\/uploads\/2022\/09\/K4A6923.jpg\" alt=\"\" \/><\/div><\/div><div class=\"n2-ss-layers-container n2-ow\" data-csstextalign=\"center\" style=\"\"><\/div><\/div><div data-slide-duration=\"0\" data-id=\"45\" style=\"\" class=\"n2-ss-slide n2-ss-canvas n2-ow  n2-ss-slide-45\"><div data-hash=\"bfaa1845da489a20262cef09201ee4ea\" data-desktop=\"\/\/tierphysio-faller.de\/wp-content\/uploads\/2022\/09\/K4A6929-1.jpg\" class=\"n2-ss-slide-background n2-ow\" data-opacity=\"1\" data-blur=\"0\" data-mode=\"fill\" data-x=\"50\" data-y=\"50\"><div class=\"n2-ss-slide-background-mask\" style=\"\"><img decoding=\"async\" title=\"\" src=\"\/\/tierphysio-faller.de\/wp-content\/uploads\/2022\/09\/K4A6929-1.jpg\" alt=\"\" \/><\/div><\/div><div class=\"n2-ss-layers-container n2-ow\" data-csstextalign=\"center\" style=\"\"><\/div><\/div><div data-slide-duration=\"0\" data-id=\"35\" style=\"\" class=\"n2-ss-slide n2-ss-canvas n2-ow  n2-ss-slide-35\"><div data-hash=\"6174ab4ff9c266fcd88e56dd4c00ce46\" data-desktop=\"\/\/tierphysio-faller.de\/wp-content\/uploads\/2022\/09\/K4A6927.jpg\" class=\"n2-ss-slide-background n2-ow\" data-opacity=\"1\" data-blur=\"0\" data-mode=\"fill\" data-x=\"50\" data-y=\"50\"><div class=\"n2-ss-slide-background-mask\" style=\"\"><img decoding=\"async\" title=\"\" src=\"\/\/tierphysio-faller.de\/wp-content\/uploads\/2022\/09\/K4A6927.jpg\" alt=\"\" \/><\/div><\/div><div class=\"n2-ss-layers-container n2-ow\" data-csstextalign=\"center\" style=\"\"><\/div><\/div><div data-first=\"1\" data-slide-duration=\"0\" data-id=\"46\" style=\"\" class=\"n2-ss-slide n2-ss-canvas n2-ow  n2-ss-slide-46\"><div data-hash=\"999bfb10dba88b5bba9b841e7fbf9100\" data-desktop=\"\/\/tierphysio-faller.de\/wp-content\/uploads\/2022\/09\/K4A6924-Bearbeitet.jpg\" class=\"n2-ss-slide-background n2-ow\" data-opacity=\"1\" data-blur=\"0\" data-mode=\"fill\" data-x=\"50\" data-y=\"50\"><div class=\"n2-ss-slide-background-mask\" style=\"\"><img decoding=\"async\" title=\"\" src=\"\/\/tierphysio-faller.de\/wp-content\/uploads\/2022\/09\/K4A6924-Bearbeitet.jpg\" alt=\"\" \/><\/div><\/div><div class=\"n2-ss-layers-container n2-ow\" data-csstextalign=\"center\" style=\"\"><\/div><\/div>                <\/div>\r\n            <\/div>\r\n            <div data-ssleft=\"0+15\" data-sstop=\"height\/2-previousheight\/2\" id=\"n2-ss-7-arrow-previous\" class=\"n2-ss-widget n2-ss-widget-display-desktop n2-ss-widget-display-tablet n2-ss-widget-display-mobile nextend-arrow n2-ow nextend-arrow-previous  nextend-arrow-animated-fade n2-ib\" style=\"position: absolute;\" role=\"button\" aria-label=\"Previous slide\" tabindex=\"0\"><img decoding=\"async\" class=\"n2-ow\" data-no-lazy=\"1\" data-hack=\"data-lazy-src\" src=\"data:image\/svg+xml;base64,PHN2ZyB3aWR0aD0iMzIiIGhlaWdodD0iMzIiIHZpZXdCb3g9IjAgMCAzMiAzMiIgeG1sbnM9Imh0dHA6Ly93d3cudzMub3JnLzIwMDAvc3ZnIj48cGF0aCBkPSJNMTEuNDMzIDE1Ljk5MkwyMi42OSA1LjcxMmMuMzkzLS4zOS4zOTMtMS4wMyAwLTEuNDItLjM5My0uMzktMS4wMy0uMzktMS40MjMgMGwtMTEuOTggMTAuOTRjLS4yMS4yMS0uMy40OS0uMjg1Ljc2LS4wMTUuMjguMDc1LjU2LjI4NC43N2wxMS45OCAxMC45NGMuMzkzLjM5IDEuMDMuMzkgMS40MjQgMCAuMzkzLS40LjM5My0xLjAzIDAtMS40MmwtMTEuMjU3LTEwLjI5IiBmaWxsPSIjZmZmZmZmIiBvcGFjaXR5PSIwLjgiIGZpbGwtcnVsZT0iZXZlbm9kZCIvPjwvc3ZnPg==\" alt=\"previous arrow\" \/><\/div>\n<div data-ssright=\"0+15\" data-sstop=\"height\/2-nextheight\/2\" id=\"n2-ss-7-arrow-next\" class=\"n2-ss-widget n2-ss-widget-display-desktop n2-ss-widget-display-tablet n2-ss-widget-display-mobile nextend-arrow n2-ow nextend-arrow-next  nextend-arrow-animated-fade n2-ib\" style=\"position: absolute;\" role=\"button\" aria-label=\"Next slide\" tabindex=\"0\"><img decoding=\"async\" class=\"n2-ow\" data-no-lazy=\"1\" data-hack=\"data-lazy-src\" src=\"data:image\/svg+xml;base64,PHN2ZyB3aWR0aD0iMzIiIGhlaWdodD0iMzIiIHZpZXdCb3g9IjAgMCAzMiAzMiIgeG1sbnM9Imh0dHA6Ly93d3cudzMub3JnLzIwMDAvc3ZnIj48cGF0aCBkPSJNMTAuNzIyIDQuMjkzYy0uMzk0LS4zOS0xLjAzMi0uMzktMS40MjcgMC0uMzkzLjM5LS4zOTMgMS4wMyAwIDEuNDJsMTEuMjgzIDEwLjI4LTExLjI4MyAxMC4yOWMtLjM5My4zOS0uMzkzIDEuMDIgMCAxLjQyLjM5NS4zOSAxLjAzMy4zOSAxLjQyNyAwbDEyLjAwNy0xMC45NGMuMjEtLjIxLjMtLjQ5LjI4NC0uNzcuMDE0LS4yNy0uMDc2LS41NS0uMjg2LS43NkwxMC43MiA0LjI5M3oiIGZpbGw9IiNmZmZmZmYiIG9wYWNpdHk9IjAuOCIgZmlsbC1ydWxlPSJldmVub2RkIi8+PC9zdmc+\" alt=\"next arrow\" \/><\/div>\n        <\/div>\r\n        <\/div><div class=\"n2-clear\"><\/div><div id=\"n2-ss-7-spinner\" style=\"display: none;\"><div><div class=\"n2-ss-spinner-simple-white-container\"><div class=\"n2-ss-spinner-simple-white\"><\/div><\/div><\/div><\/div><\/div><\/div><div id=\"n2-ss-7-placeholder\" style=\"position: relative;z-index:2;color:RGBA(0,0,0,0);max-height:3000px;\"><img decoding=\"async\" style=\"width: 100%; max-width:3000px; display: block;\" class=\"n2-ow\" src=\"data:image\/svg+xml;base64,PHN2ZyB4bWxucz0iaHR0cDovL3d3dy53My5vcmcvMjAwMC9zdmciIHZlcnNpb249IjEuMCIgd2lkdGg9IjEyMDAiIGhlaWdodD0iNTAwIiA+PC9zdmc+\" alt=\"Slider\" \/><\/div><\/div>\n<p>&nbsp;<\/p>\n<p>Ich biete in meiner Praxis in Pulheim Stommelerbusch Tierphysiotherapie f\u00fcr Hunde, Katzen, Nager und andere Kleintiere an. F\u00fcr mich ist es besonders wichtig, dass Sie und Ihr Tier sich bei der Behandlung wohlf\u00fchlen. Informieren Sie sich hier rund um das Thema Tierphysiotherapie\u00a0 und\u00a0 bekommen Sie einen Einblick in meine Arbeit.<\/p>\n<p>Ich freue mich auf Ihren Besuch.<\/p>\n<div><\/div>\n<div><\/div>\n<div><\/div>\n<div><\/div>\n<div><\/div>\n<div><\/div>\n<div><\/div>\n<div><\/div>\n<div><\/div>\n<div><\/div>\n<div><\/div>\n<div><\/div>\n<div><\/div>\n<p>&nbsp;<\/p>\n<p style=\"text-align: center;\">*** Terminabsagen bitte mindestens 24 Stunden vorher, sonst wird Ihnen der Termin in Rechnung gestellt. ***<\/p>\n<p style=\"text-align: center;\">*** Bitte um Beachtung meiner AGB\u00b4s hier auf der Seite ***<\/p>\n","protected":false},"excerpt":{"rendered":"<p>&nbsp; Ich biete in meiner Praxis in Pulheim Stommelerbusch Tierphysiotherapie f\u00fcr Hunde, Katzen, Nager und andere Kleintiere an. F\u00fcr mich<\/p>\n","protected":false},"author":1,"featured_media":0,"parent":0,"menu_order":0,"comment_status":"closed","ping_status":"closed","template":"","meta":{"footnotes":""},"class_list":["post-65","page","type-page","status-publish","hentry"],"_links":{"self":[{"href":"http:\/\/tierphysio-faller.de\/start\/wp-json\/wp\/v2\/pages\/65","targetHints":{"allow":["GET"]}}],"collection":[{"href":"http:\/\/tierphysio-faller.de\/start\/wp-json\/wp\/v2\/pages"}],"about":[{"href":"http:\/\/tierphysio-faller.de\/start\/wp-json\/wp\/v2\/types\/page"}],"author":[{"embeddable":true,"href":"http:\/\/tierphysio-faller.de\/start\/wp-json\/wp\/v2\/users\/1"}],"replies":[{"embeddable":true,"href":"http:\/\/tierphysio-faller.de\/start\/wp-json\/wp\/v2\/comments?post=65"}],"version-history":[{"count":32,"href":"http:\/\/tierphysio-faller.de\/start\/wp-json\/wp\/v2\/pages\/65\/revisions"}],"predecessor-version":[{"id":530,"href":"http:\/\/tierphysio-faller.de\/start\/wp-json\/wp\/v2\/pages\/65\/revisions\/530"}],"wp:attachment":[{"href":"http:\/\/tierphysio-faller.de\/start\/wp-json\/wp\/v2\/media?parent=65"}],"curies":[{"name":"wp","href":"https:\/\/api.w.org\/{rel}","templated":true}]}}